{"id":11,"date":"2013-01-22T07:05:23","date_gmt":"2013-01-22T06:05:23","guid":{"rendered":"http:\/\/www.medienwart.de\/?page_id=11"},"modified":"2024-01-22T10:18:48","modified_gmt":"2024-01-22T09:18:48","slug":"inhalt","status":"publish","type":"page","link":"https:\/\/www.medienwart.de\/","title":{"rendered":"Medienp\u00e4dagogischer Monatskalender"},"content":{"rendered":"\n<div id=\"ez-toc-container\" class=\"ez-toc-v2_0_83 counter-hierarchy ez-toc-counter ez-toc-grey ez-toc-container-direction\">\n<nav><ul class='ez-toc-list ez-toc-list-level-1 ' ><li class='ez-toc-page-1 ez-toc-heading-level-4'><a class=\"ez-toc-link ez-toc-heading-1\" href=\"https:\/\/www.medienwart.de\/#Editorial\" >Editorial<\/a><\/li><li class='ez-toc-page-1 ez-toc-heading-level-4'><a class=\"ez-toc-link ez-toc-heading-2\" href=\"https:\/\/www.medienwart.de\/#Bezug_von_Elternbroschueren_%E2%80%9EMedien_mit_Verstand%E2%80%9C\" >Bezug von Elternbrosch\u00fcren &#8222;Medien mit Verstand&#8220;<\/a><\/li><li class='ez-toc-page-1 ez-toc-heading-level-4'><a class=\"ez-toc-link ez-toc-heading-3\" href=\"https:\/\/www.medienwart.de\/#Digitales_Unterrichtsmaterial_fuer_Lehrkraefte_zum_Download\" >Digitales Unterrichtsmaterial f\u00fcr Lehrkr\u00e4fte zum Download<\/a><\/li><li class='ez-toc-page-1 ez-toc-heading-level-4'><a class=\"ez-toc-link ez-toc-heading-4\" href=\"https:\/\/www.medienwart.de\/#Grusswort_von_Oberbuergermeister_und_Landrat_in_AB\" >Gru\u00dfwort von Oberb\u00fcrgermeister und Landrat in AB<\/a><\/li><li class='ez-toc-page-1 ez-toc-heading-level-4'><a class=\"ez-toc-link ez-toc-heading-5\" href=\"https:\/\/www.medienwart.de\/#Grusswort_vom_Landrat_in_MIL\" >Gru\u00dfwort vom Landrat in MIL<\/a><\/li><li class='ez-toc-page-1 ez-toc-heading-level-4'><a class=\"ez-toc-link ez-toc-heading-6\" href=\"https:\/\/www.medienwart.de\/#Grusswort_der_Bayerischen_Staatsministerin_fuer_Digitales\" >Gru\u00dfwort der Bayerischen Staatsministerin f\u00fcr Digitales<\/a><\/li><\/ul><\/nav><\/div>\n<h4 class=\"wp-block-heading has-bright-blue-background-color has-background\"><span class=\"ez-toc-section\" id=\"Editorial\"><\/span>Editorial<span class=\"ez-toc-section-end\"><\/span><\/h4>\n\n\n\n<p class=\"has-light-blue-background-color has-background\"><strong>Digitale Bildung ist f\u00fcr eine wehrhafte Demokratie im Zeitalter von alternativen Fakten und hemmungslosen Verschw\u00f6rungsmythen unverzichtbar geworden. Die wiederkehrende Pr\u00e4vention mit den Inhalten des medienp\u00e4dagogischen Monatskalenders dient als Erst- und j\u00e4hrliche Folgeimpfung zur gesunden Mediennutzung.<\/strong><\/p>\n\n\n<div class=\"wp-block-image\">\n<figure class=\"alignright size-large is-resized\"><a href=\"https:\/\/www.medienwart.de\/wp-content\/uploads\/2022\/03\/2022-03-25-15_27_35-PowerPoint-Bildschirmpraesentation-2021.09_Medienpaedagogischer-Monatskalender.png\"><img loading=\"lazy\" decoding=\"async\" width=\"1024\" height=\"606\" src=\"https:\/\/www.medienwart.de\/wp-content\/uploads\/2022\/03\/2022-03-25-15_27_35-PowerPoint-Bildschirmpraesentation-2021.09_Medienpaedagogischer-Monatskalender-1024x606.png\" alt=\"\" class=\"wp-image-859\" style=\"width:362px;height:214px\" srcset=\"https:\/\/www.medienwart.de\/wp-content\/uploads\/2022\/03\/2022-03-25-15_27_35-PowerPoint-Bildschirmpraesentation-2021.09_Medienpaedagogischer-Monatskalender-1024x606.png 1024w, https:\/\/www.medienwart.de\/wp-content\/uploads\/2022\/03\/2022-03-25-15_27_35-PowerPoint-Bildschirmpraesentation-2021.09_Medienpaedagogischer-Monatskalender-300x178.png 300w, https:\/\/www.medienwart.de\/wp-content\/uploads\/2022\/03\/2022-03-25-15_27_35-PowerPoint-Bildschirmpraesentation-2021.09_Medienpaedagogischer-Monatskalender-768x455.png 768w, https:\/\/www.medienwart.de\/wp-content\/uploads\/2022\/03\/2022-03-25-15_27_35-PowerPoint-Bildschirmpraesentation-2021.09_Medienpaedagogischer-Monatskalender-1536x909.png 1536w, https:\/\/www.medienwart.de\/wp-content\/uploads\/2022\/03\/2022-03-25-15_27_35-PowerPoint-Bildschirmpraesentation-2021.09_Medienpaedagogischer-Monatskalender.png 1814w\" sizes=\"auto, (max-width: 1024px) 100vw, 1024px\" \/><\/a><\/figure>\n<\/div>\n\n\n<p>Der Monatskalender ist aus der aktiven medienp\u00e4dagogischen Arbeit an Grund- und Mittelschulen am bayerischen Untermain entstanden. Dabei flossen die Erfahrungen von Lehrkr\u00e4ften, Sch\u00fclern, Eltern, Sozialarbeitern, Jugendbeamten der Polizei sowie aus der medienp\u00e4dagogischen Beratungspraxis ein.<\/p>\n\n\n\n<p><strong>F\u00fcr jeden Monat gibt es einen Themenbereich, der zur Besprechung mit den Kindern empfohlen wird. Eine j\u00e4hrliche Auffrischung kann nicht schaden und deckt sich mit den schulischen und elterlichen Herausforderungen, die eine oder andere Regel im Ged\u00e4chtnis zu halten.<\/strong><\/p>\n\n\n\n<p class=\"has-yellow-background-color has-background\"><strong>In der Navigation links k\u00f6nnen die Monatsthemen f\u00fcr die Familien ausgew\u00e4hlt werden.<\/strong><\/p>\n\n\n\n<figure class=\"wp-block-image size-large\"><a href=\"https:\/\/www.medienwart.de\/wp-content\/uploads\/2022\/03\/4Medienkalender.jpg\"><img loading=\"lazy\" decoding=\"async\" width=\"978\" height=\"1024\" src=\"https:\/\/www.medienwart.de\/wp-content\/uploads\/2022\/03\/4Medienkalender-978x1024.jpg\" alt=\"\" class=\"wp-image-706\" srcset=\"https:\/\/www.medienwart.de\/wp-content\/uploads\/2022\/03\/4Medienkalender-978x1024.jpg 978w, https:\/\/www.medienwart.de\/wp-content\/uploads\/2022\/03\/4Medienkalender-286x300.jpg 286w, https:\/\/www.medienwart.de\/wp-content\/uploads\/2022\/03\/4Medienkalender-768x804.jpg 768w, https:\/\/www.medienwart.de\/wp-content\/uploads\/2022\/03\/4Medienkalender-1466x1536.jpg 1466w, https:\/\/www.medienwart.de\/wp-content\/uploads\/2022\/03\/4Medienkalender-1955x2048.jpg 1955w\" sizes=\"auto, (max-width: 978px) 100vw, 978px\" \/><\/a><\/figure>\n\n\n\n<h4 class=\"wp-block-heading has-bright-blue-background-color has-background\"><span class=\"ez-toc-section\" id=\"Bezug_von_Elternbroschueren_%E2%80%9EMedien_mit_Verstand%E2%80%9C\"><\/span>Bezug von Elternbrosch\u00fcren &#8222;Medien mit Verstand&#8220;<span class=\"ez-toc-section-end\"><\/span><\/h4>\n\n\n\n<p>Im <strong>Landkreis Miltenberg<\/strong> wurde zus\u00e4tzlich im Herbst 2021 \u00fcber den Pr\u00e4ventionsausschuss der <strong>&#8222;Medienp\u00e4dagogische Monatskalener f\u00fcr Familien&#8220; <\/strong>herausgegeben, er ist bei Beratungsstellen im Landkreis zu beziehen. Alternativ kann die <strong>gedruckte Version<\/strong> kostenfrei unter <a rel=\"noreferrer noopener\" href=\"https:\/\/suchtpraevention.kreis-mil.de\" target=\"_blank\">https:\/\/suchtpraevention.kreis-mil.de<\/a> \u00fcber die Suchtpr\u00e4ventionsstelle bestellt werden.<\/p>\n\n\n\n<p>In <strong>Stadt und Landkreis Aschaffenburg<\/strong> wurde im Fr\u00fchjahr 2022 unter Schirmherrschaft von Oberb\u00fcrgermeister und Landrat der <strong>&#8222;Medienp\u00e4dagogische Ratgeber f\u00fcr Familien&#8220;<\/strong> an alle Kinder an den allgemeinbildenden Schulen verteilt. Weitere gedruckte Exemplare sind in den Beratungsstellen f\u00fcr Familien in Stadt und Landkreis erh\u00e4ltlich.<\/p>\n\n\n\n<p class=\"has-background\" style=\"background:linear-gradient(90deg,rgb(235,235,64) 0%,rgb(43,180,211) 100%)\">Der <a href=\"https:\/\/www.landkreis-aschaffenburg.de\/wer-macht-was\/bildungsportkul\/bildung\/digitaleschule\/\" data-type=\"URL\" data-id=\"https:\/\/www.landkreis-aschaffenburg.de\/wer-macht-was\/bildungsportkul\/bildung\/digitaleschule\/\" target=\"_blank\" rel=\"noreferrer noopener\"><strong>&#8222;Medienp\u00e4dagogische Ratgeber f\u00fcr Familien&#8220;<\/strong> als Download <strong>beim Landkreis Aschaffenburg<\/strong><\/a><strong> im Bereich &#8222;Digitale Schule&#8220;<\/strong>.<\/p>\n\n\n\n<p class=\"has-background\" style=\"background:linear-gradient(90deg,rgb(209,219,86) 0%,rgb(43,180,211) 100%)\">Der <a href=\"https:\/\/www.aschaffenburg.de\/Buerger-in-Aschaffenburg\/Bildung\/Beratung-von-Eltern-und-Schuelern\/Medienpaedagogischer-Ratgeber\/DE_index_6552.html\" data-type=\"URL\" data-id=\"https:\/\/www.aschaffenburg.de\/Buerger-in-Aschaffenburg\/Bildung\/Beratung-von-Eltern-und-Schuelern\/Medienpaedagogischer-Ratgeber\/DE_index_6552.html\" target=\"_blank\" rel=\"noreferrer noopener\"><strong>&#8222;Medienp\u00e4dagogische Ratgeber f\u00fcr Familien&#8220;<\/strong> als Download <strong>bei der Stadt Aschaffenburg im Bereich<\/strong>&#8222;<\/a> Beratung von Eltern und Sch\u00fclern&#8220;.<\/p>\n\n\n\n<h4 class=\"wp-block-heading has-bright-blue-background-color has-background\"><span class=\"ez-toc-section\" id=\"Digitales_Unterrichtsmaterial_fuer_Lehrkraefte_zum_Download\"><\/span>Digitales Unterrichtsmaterial f\u00fcr Lehrkr\u00e4fte zum Download<span class=\"ez-toc-section-end\"><\/span><\/h4>\n\n\n\n<p><strong>F\u00fcr Bayerische Lehrkr\u00e4fte<\/strong> gibt es die Materalien zum &#8222;medienp\u00e4dagogischen Monatskalender&#8220; <a rel=\"noreferrer noopener\" href=\"https:\/\/mebis.link\/medienkalender\" data-type=\"URL\" data-id=\"https:\/\/mebis.link\/medienkalender\" target=\"_blank\"><strong>in der Lernplattform von mebis<\/strong><\/a> (in der Lernplattform gibt es regelm\u00e4\u00dfig Aktualisierungen).<\/p>\n\n\n\n<p><strong>Ohne ByCS-Zugangsdaten<\/strong> findet man einen Teil der Materialien auch <a rel=\"noreferrer noopener\" href=\"https:\/\/mebis.bycs.de\/beitrag\/verstetigung-und-fortschreibung-des-medienkonzepts#sec9\" data-type=\"URL\" data-id=\"https:\/\/mebis.bycs.de\/beitrag\/verstetigung-und-fortschreibung-des-medienkonzepts#sec9\" target=\"_blank\">im mebis-Magazin<\/a>.<\/p>\n\n\n\n<p><strong>In Kooperation mit der ALP Dillingen findet auch eine Online-Fortbildungsreihe zum medienp\u00e4dagogischen Monatskalender statt. <br><a href=\"https:\/\/www.medienwart.de\/wp-content\/uploads\/2023\/09\/2023-09-21_medienpaed-Monatskalender.pdf\">[Link zum anklickbaren Ausschreibungs-PDF]<\/a><\/strong><\/p>\n\n\n\n<figure class=\"wp-block-image size-large\"><a href=\"https:\/\/www.medienwart.de\/wp-content\/uploads\/2023\/09\/Bildschirmfoto-2023-09-19-um-14.15.01.png\"><img loading=\"lazy\" decoding=\"async\" width=\"1024\" height=\"723\" src=\"https:\/\/www.medienwart.de\/wp-content\/uploads\/2023\/09\/Bildschirmfoto-2023-09-19-um-14.15.01-1024x723.png\" alt=\"\" class=\"wp-image-911\" srcset=\"https:\/\/www.medienwart.de\/wp-content\/uploads\/2023\/09\/Bildschirmfoto-2023-09-19-um-14.15.01-1024x723.png 1024w, https:\/\/www.medienwart.de\/wp-content\/uploads\/2023\/09\/Bildschirmfoto-2023-09-19-um-14.15.01-300x212.png 300w, https:\/\/www.medienwart.de\/wp-content\/uploads\/2023\/09\/Bildschirmfoto-2023-09-19-um-14.15.01-768x542.png 768w, https:\/\/www.medienwart.de\/wp-content\/uploads\/2023\/09\/Bildschirmfoto-2023-09-19-um-14.15.01-1536x1084.png 1536w, https:\/\/www.medienwart.de\/wp-content\/uploads\/2023\/09\/Bildschirmfoto-2023-09-19-um-14.15.01-2048x1446.png 2048w\" sizes=\"auto, (max-width: 1024px) 100vw, 1024px\" \/><\/a><\/figure>\n\n\n\n<p><\/p>\n\n\n\n<p>Eine Printversion des pr\u00e4ventiven Aufkl\u00e4rungskalenders konnte seit dem Schuljahr 2020\/21 durch die freundliche Unterst\u00fctzung des Rotary-Clubs Obernburg sowie der AOK Bayern f\u00fcr die Klassenzimmer der Grund- und Mittelschulen, F\u00f6rderschulen, Realschulen und Gymnasien im Raum Aschaffenburg\/Miltenberg zur Verf\u00fcgung gestellt werden.<\/p>\n\n\n\n<p><strong>Zum Safer-Internet-Day 2024 wird mit Unterst\u00fctzung der AOK Bayern und des Landkreises Miltenberg die inzwischen 3. Print-Auflage des Medienkalenders f\u00fcr die Klassenzimmer herausgegeben. <\/strong>Bezogen werden kann diese kostenfrei von allen allgemeinbindenden Schulen in den Landkreisen Miltenberg und Aschaffenburg sowie in der Stadt Aschaffenburg.<\/p>\n\n\n\n<h4 class=\"wp-block-heading has-bright-blue-background-color has-background\"><span class=\"ez-toc-section\" id=\"Grusswort_von_Oberbuergermeister_und_Landrat_in_AB\"><\/span>Gru\u00dfwort von Oberb\u00fcrgermeister und Landrat in AB<span class=\"ez-toc-section-end\"><\/span><\/h4>\n\n\n\n<p>Liebe Eltern,<\/p>\n\n\n\n<p>Smartphones, Laptops und soziale Medien sind aus unserem Alltag nicht mehr wegzudenken. Vor allem Kinder und Jugendliche wachsen mit digitalen Medien ganz selbstverst\u00e4ndlich auf.<\/p>\n\n\n\n<p>In der Schule, aber auch zu Hause helfen Internet und Social Media sich zu informieren, zu lernen und sich zu vernetzen. Moderne Medien sind unverzichtbar f\u00fcr eine zeitgem\u00e4\u00dfe Bildung und eine moderne P\u00e4dagogik. In unserer zunehmend digitalisierten Welt stehen wir alle gemeinsam immer auch vor der Frage nach einem verantwortungsbewussten Umgang mit den digitalen Medien. Und wir erachten es als notwendig &#8211; ja unverzichtbar &#8211; gerade auch angesichts der mit der digitalen Welt einhergehenden Gefahren, einen gemeinsamen Standard zu finden, um die vielen Vorteile und Chancen der digitalen Welt zu nutzen und gleichzeitig vor deren Gefahren gesch\u00fctzt zu sein.<\/p>\n\n\n\n<p>Wie wir unsere Kinder vor Datenklau, Cybermobbing oder \u00fcberm\u00e4\u00dfigem Medienkonsum sch\u00fctzen k\u00f6nnen, zeigt dieser medienp\u00e4dagogische Ratgeber. Ihnen, liebe Eltern, wird damit ein sicherlich wirkungsvolles Werkzeug an die Hand gegeben, um dieses aus unserer Sicht unverzichtbare Thema mit der damit verbundenen Aufgabenstellung regelm\u00e4\u00dfig aufzugreifen. Wir k\u00f6nnen alle dabei helfen, unsere Kinder zu m\u00fcndigen, verantwortungsvollen und aufgeschlossen Erwachsenen heranwachsen zu lassen. Nutzen Sie die vielen Informationen und Tipps und unterst\u00fctzen Sie Ihr Kind dabei, sich sinnvoll und sicher in der digitalen Welt zu bewegen.<\/p>\n\n\n\n<p>Herzliche Gr\u00fc\u00dfe<\/p>\n\n\n\n<p><em>Ihr J\u00fcrgen Herzing<\/em>, <em>Oberb\u00fcrgermeister<\/em> von Aschaffenburg<br><em>Ihr Dr. Alexander Legler<\/em>, Landrat im Landkreis Aschaffenburg<\/p>\n\n\n\n<h4 class=\"wp-block-heading has-bright-blue-background-color has-background\"><span class=\"ez-toc-section\" id=\"Grusswort_vom_Landrat_in_MIL\"><\/span>Gru\u00dfwort vom Landrat in MIL<span class=\"ez-toc-section-end\"><\/span><\/h4>\n\n\n\n<p>Liebe Kolleginnen und Kollegen,<\/p>\n\n\n\n<p>unseren obersten Bildungszielen liegt ein Menschenbild zugrunde, das ma\u00dfgeblich von der Achtung der W\u00fcrde des Menschen getragen ist. Die Schule soll Kinder und Jugendliche aktiv dabei unterst\u00fctzen, sich zu verantwortungsvollen, hilfsbereiten sowie aufgeschlossenen Erwachsenen sowie zu m\u00fcndigen Staatsb\u00fcrger*innen zu entwickeln, welche f\u00fcr die von Menschlichkeit gepr\u00e4gten Werte unserer Verfassung und unseres freiheitlich-demokratisches Systems eintreten.<\/p>\n\n\n\n<p>Wenn wir dieses hohe Ziel tats\u00e4chlich erreichen wollen, m\u00fcssen wir die anspruchsvolle Lebenswirklichkeit unserer jungen Menschen abbilden, und dazu geh\u00f6rt auch die Vielfalt der modernen Medien. Nur mit einer kontinuierlichen Auseinandersetzung im Unterricht mit den M\u00f6glichkeiten, aber auch Herausforderungen und Risiken eines sich st\u00e4ndig fortentwickelnden Medienangebots werden wir erfolgreich dem Bildungsanspruch und unserer Verantwortung f\u00fcr die uns anvertrauten jungen Menschen gerecht.<\/p>\n\n\n\n<p>Umso gl\u00fccklicher k\u00f6nnen wir uns sch\u00e4tzen, dass wir bei dieser extrem anspruchsvollen Bildungsarbeit vom medienp\u00e4dagogischen Monatskalender eine wirkungsvolle Unterst\u00fctzung bekommen. Ich m\u00f6chte Sie ausdr\u00fccklich ermuntern, nutzen Sie dieses Angebot in der praktischen Arbeit im Unterricht mit Ihren Kindern!<\/p>\n\n\n\n<p><em>Ihr Jens Marco Scherf<\/em><br><em>Landrat im Landkreis Miltenberg<\/em><\/p>\n\n\n\n<h4 class=\"wp-block-heading has-bright-blue-background-color has-background\"><span class=\"ez-toc-section\" id=\"Grusswort_der_Bayerischen_Staatsministerin_fuer_Digitales\"><\/span>Gru\u00dfwort der Bayerischen Staatsministerin f\u00fcr Digitales<span class=\"ez-toc-section-end\"><\/span><\/h4>\n\n\n\n<figure class=\"wp-block-image is-resized is-style-rounded\"><img loading=\"lazy\" decoding=\"async\" width=\"517\" height=\"340\" src=\"https:\/\/www.medienwart.de\/wp-content\/uploads\/2020\/12\/Gerlach.png\" alt=\"\" class=\"wp-image-556\" style=\"width:328px;height:216px\" srcset=\"https:\/\/www.medienwart.de\/wp-content\/uploads\/2020\/12\/Gerlach.png 517w, https:\/\/www.medienwart.de\/wp-content\/uploads\/2020\/12\/Gerlach-300x197.png 300w\" sizes=\"auto, (max-width: 517px) 100vw, 517px\" \/><\/figure>\n\n\n\n<p><\/p>\n\n\n\n<p class=\"has-text-align-left\">Sehr geehrte Lehrerinnen und Lehrer,<\/p>\n\n\n\n<p>die heutigen Kinder wachsen in einer zunehmend digitalen Welt auf. Das ist ihr Leben. Das ist die Realit\u00e4t, in der sie sich bewegen und erfolgreich sein sollen \u2013 jetzt und auch sp\u00e4ter im Arbeitsleben. Das hat sich umso deutlicher in den letzten Monaten gezeigt, in der durch die Corona-Pandemie viele Bereiche unseres t\u00e4glichen Lebens in die digitale Welt verlagert wurden. Als Eltern, aber auch als Gesellschaft insgesamt muss unser Anspruch sein, dass wir die Kinder m\u00f6glichst gut darauf vorbereiten.<\/p>\n\n\n\n<p>Je fr\u00fcher die Kinder und Jugendlichen lernen, selbstbestimmt und verantwortungsvoll mit den digitalen Medien umzugehen, desto besser. Aber bitte nicht mit erhobenem Zeigefinger und strengem Blick, warnend vor all den Gefahren der digitalen Welt. So ticken unsere Kinder nicht. Sie wollen ernst genommen werden und auch die Hintergr\u00fcnde hinter Online-Sucht, Fake News und Cybermobbing verstehen. Als P\u00e4dagogen k\u00f6nnen Sie hierzu einen wichtigen Beitrag leisten.<\/p>\n\n\n\n<p>Der vorliegende medienp\u00e4dagogische Kalender hilft Ihnen dabei. Er deckt alle wichtigen Themen rund um Smartphone, Internet und soziale Netzwerke ab und verpackt sie in handliche Unterrichtseinheiten. Die Aufmachung in Bild und Text ist dabei auf die Grundschulen bzw. weiterf\u00fchrenden Schulen zugeschnitten. Eine Unterrichtsstunde pro Monat ist gut investierte Zeit f\u00fcr dieses wichtige Thema.<\/p>\n\n\n\n<p>Neben allen Herausforderungen des schulischen Alltags vertraue ich darauf, dass es Ihnen gelingt den Kindern und Jugendlichen auch die digitale Welt n\u00e4her zu bringen. Damit leisten Sie wertvolle Hilfe zur Selbsthilfe \u2013 herzlichen Dank daf\u00fcr!<\/p>\n\n\n\n<p><em>Judith Gerlach, MdL<br>Bayerische Staatsministerin f\u00fcr Digitales<\/em><\/p>\n","protected":false},"excerpt":{"rendered":"<p>Editorial Digitale Bildung ist f\u00fcr eine wehrhafte Demokratie im Zeitalter von alternativen Fakten und hemmungslosen Verschw\u00f6rungsmythen unverzichtbar geworden. Die wiederkehrende Pr\u00e4vention mit den Inhalten des medienp\u00e4dagogischen Monatskalenders dient als Erst- und j\u00e4hrliche Folgeimpfung zur gesunden Mediennutzung. Der Monatskalender ist aus der aktiven medienp\u00e4dagogischen Arbeit an Grund- und Mittelschulen am bayerischen Untermain entstanden. Dabei flossen die &hellip; <a href=\"https:\/\/www.medienwart.de\/\" class=\"more-link\"><span class=\"screen-reader-text\">Medienp\u00e4dagogischer Monatskalender<\/span> weiterlesen<\/a><\/p>\n","protected":false},"author":1,"featured_media":0,"parent":0,"menu_order":0,"comment_status":"closed","ping_status":"closed","template":"","meta":{"footnotes":""},"class_list":["post-11","page","type-page","status-publish","hentry"],"_links":{"self":[{"href":"https:\/\/www.medienwart.de\/index.php?rest_route=\/wp\/v2\/pages\/11","targetHints":{"allow":["GET"]}}],"collection":[{"href":"https:\/\/www.medienwart.de\/index.php?rest_route=\/wp\/v2\/pages"}],"about":[{"href":"https:\/\/www.medienwart.de\/index.php?rest_route=\/wp\/v2\/types\/page"}],"author":[{"embeddable":true,"href":"https:\/\/www.medienwart.de\/index.php?rest_route=\/wp\/v2\/users\/1"}],"replies":[{"embeddable":true,"href":"https:\/\/www.medienwart.de\/index.php?rest_route=%2Fwp%2Fv2%2Fcomments&post=11"}],"version-history":[{"count":45,"href":"https:\/\/www.medienwart.de\/index.php?rest_route=\/wp\/v2\/pages\/11\/revisions"}],"predecessor-version":[{"id":921,"href":"https:\/\/www.medienwart.de\/index.php?rest_route=\/wp\/v2\/pages\/11\/revisions\/921"}],"wp:attachment":[{"href":"https:\/\/www.medienwart.de\/index.php?rest_route=%2Fwp%2Fv2%2Fmedia&parent=11"}],"curies":[{"name":"wp","href":"https:\/\/api.w.org\/{rel}","templated":true}]}}