{"id":406,"date":"2020-11-23T18:58:09","date_gmt":"2020-11-23T17:58:09","guid":{"rendered":"http:\/\/www.medienwart.de\/?page_id=406"},"modified":"2020-11-23T18:58:10","modified_gmt":"2020-11-23T17:58:10","slug":"inhalte-der-infoabende","status":"publish","type":"page","link":"https:\/\/www.medienwart.de\/?page_id=406","title":{"rendered":"Inhalte der Infoabende"},"content":{"rendered":"\n<p>Die 15 goldenen Medienregen finden Sie <a rel=\"noreferrer noopener\" aria-label=\"hier... (\u00f6ffnet in neuem Tab)\" href=\"http:\/\/felixbehl.de\/?p=1\" target=\"_blank\">hier&#8230;<\/a><\/p>\n\n\n\n<div id=\"ez-toc-container\" class=\"ez-toc-v2_0_82_2 counter-hierarchy ez-toc-counter ez-toc-grey ez-toc-container-direction\">\n<nav><ul class='ez-toc-list ez-toc-list-level-1 ' ><li class='ez-toc-page-1 ez-toc-heading-level-2'><a class=\"ez-toc-link ez-toc-heading-1\" href=\"https:\/\/www.medienwart.de\/?page_id=406\/#Online-Informationen_%E2%80%93_immer_aktuell\" >Online-Informationen \u2013 immer aktuell:<\/a><\/li><li class='ez-toc-page-1 ez-toc-heading-level-2'><a class=\"ez-toc-link ez-toc-heading-2\" href=\"https:\/\/www.medienwart.de\/?page_id=406\/#Persoenliche_Beratungsangebote\" >Pers\u00f6nliche Beratungsangebote:<\/a><\/li><li class='ez-toc-page-1 ez-toc-heading-level-2'><a class=\"ez-toc-link ez-toc-heading-3\" href=\"https:\/\/www.medienwart.de\/?page_id=406\/#Bedrohliche_Kettenbriefe\" >Bedrohliche Kettenbriefe:<\/a><\/li><li class='ez-toc-page-1 ez-toc-heading-level-2'><a class=\"ez-toc-link ez-toc-heading-4\" href=\"https:\/\/www.medienwart.de\/?page_id=406\/#Tracking-Uhren_und_Tracken_von_Smartphones\" >Tracking-Uhren und Tracken von Smartphones:<\/a><\/li><li class='ez-toc-page-1 ez-toc-heading-level-2'><a class=\"ez-toc-link ez-toc-heading-5\" href=\"https:\/\/www.medienwart.de\/?page_id=406\/#Recht_am_eigenen_Bild\" >Recht am eigenen Bild<\/a><\/li><li class='ez-toc-page-1 ez-toc-heading-level-2'><a class=\"ez-toc-link ez-toc-heading-6\" href=\"https:\/\/www.medienwart.de\/?page_id=406\/#Gesichtserkennung_und_Bilder-Rueckwaertssuche\" >Gesichtserkennung und Bilder-R\u00fcckw\u00e4rtssuche<\/a><\/li><li class='ez-toc-page-1 ez-toc-heading-level-2'><a class=\"ez-toc-link ez-toc-heading-7\" href=\"https:\/\/www.medienwart.de\/?page_id=406\/#Straftaten_bei_unbefugten_Aufnahmen_und_bei_Weitergabe\" >Straftaten bei unbefugten Aufnahmen und bei Weitergabe<\/a><\/li><li class='ez-toc-page-1 ez-toc-heading-level-2'><a class=\"ez-toc-link ez-toc-heading-8\" href=\"https:\/\/www.medienwart.de\/?page_id=406\/#Cybergrooming\" >Cybergrooming<\/a><\/li><\/ul><\/nav><\/div>\n<h2 class=\"wp-block-heading\"><span class=\"ez-toc-section\" id=\"Online-Informationen_%E2%80%93_immer_aktuell\"><\/span><strong>Online-Informationen \u2013 immer aktuell:<\/strong><span class=\"ez-toc-section-end\"><\/span><\/h2>\n\n\n\n<ul class=\"wp-block-list\"><li><a rel=\"noreferrer noopener\" aria-label=\" (\u00f6ffnet in neuem Tab)\" href=\"http:\/\/www.internet-abc.de\" target=\"_blank\">www.internet-abc.de<\/a><\/li><li><a rel=\"noreferrer noopener\" aria-label=\" (\u00f6ffnet in neuem Tab)\" href=\"http:\/\/www.fragfinn.de\" target=\"_blank\">www.fragfinn.de<\/a><\/li><li><a rel=\"noreferrer noopener\" aria-label=\" (\u00f6ffnet in neuem Tab)\" href=\"http:\/\/www.klicksafe.de\" target=\"_blank\">www.klicksafe.de<\/a><\/li><li><a rel=\"noreferrer noopener\" aria-label=\" (\u00f6ffnet in neuem Tab)\" href=\"http:\/\/www.elternguide.online\" target=\"_blank\">www.elternguide.online<\/a><\/li><li><a rel=\"noreferrer noopener\" aria-label=\" (\u00f6ffnet in neuem Tab)\" href=\"http:\/\/www.handysektor.de\" target=\"_blank\">www.handysektor.de<\/a><\/li><li><a href=\"http:\/\/www.jugendschutz.net\" target=\"_blank\" rel=\"noreferrer noopener\" aria-label=\" (\u00f6ffnet in neuem Tab)\">www.jugendschutz.net<\/a><\/li><\/ul>\n\n\n\n<h2 class=\"wp-block-heading\"><span class=\"ez-toc-section\" id=\"Persoenliche_Beratungsangebote\"><\/span>Pers\u00f6nliche Beratungsangebote:<span class=\"ez-toc-section-end\"><\/span><\/h2>\n\n\n\n<p><strong>Online-Beratung f\u00fcr Kinder und Jugendliche<br><\/strong><a href=\"http:\/\/www.caritas.de\/hilfeundberatung\/onlineberatung\/kinderjugendelternfamilie\/\" target=\"_blank\" rel=\"noreferrer noopener\" aria-label=\" (\u00f6ffnet in neuem Tab)\">www.caritas.de\/hilfeundberatung\/onlineberatung\/kinderjugendelternfamilie\/<\/a><\/p>\n\n\n\n<p>Anonyme <strong>Beratung<\/strong> und praktische Online-Tipps <br><strong>von Jugendlichen f\u00fcr Jugendliche <\/strong><a href=\"http:\/\/www.juuuport.de\/\" target=\"_blank\" rel=\"noreferrer noopener\" aria-label=\" (\u00f6ffnet in neuem Tab)\">www.juuuport.de<\/a>  <\/p>\n\n\n\n<p>Psychologische <strong>Beratungsstelle f\u00fcr Kinder, Jugendliche<\/strong>, Eltern <br>Hauptstra\u00dfe 60, 63897 <strong>Miltenberg<\/strong>,<strong> <\/strong>Tel.: 09371 978920, <br>Au\u00dfenstelle: Hofstetter Stra\u00dfe 1-3, 63820 <strong>Elsenfeld<\/strong><br>E-Mail: <a href=\"mailto:erziehungsberatung@caritas-mil.de\">erziehungsberatung@caritas-mil.de<\/a><\/p>\n\n\n\n<p>Psychologische <strong>Beratungsstelle f\u00fcr Kinder, Jugendliche<\/strong>, Eltern <br>AB-Land: Schlossberg 2, Tel.: 06021 392-301<br>E-Mail: <a href=\"mailto:eb-land@caritas-aschaffenburg.de\">eb-land@caritas-aschaffenburg.de<\/a><\/p>\n\n\n\n<p>Psychologische <strong>Beratungsstelle f\u00fcr Kinder, Jugendliche<\/strong>, Eltern <br>Langgasse 12, 97753 <strong>Karlstadt<\/strong>,<strong> <\/strong>Tel.: 09353 793-1580, <br>E-Mail: <a href=\"mailto:Erziehungsberatung@Lramsp.de\">Erziehungsberatung@Lramsp.de<\/a><br>Beratung m\u00f6glich in Karlstadt, <strong>Gem\u00fcnden<\/strong>, <strong>Lohr<\/strong> und <strong>Marktheidenfeld<\/strong>. <\/p>\n\n\n\n<p><strong>PsychosozialeBeratungsstelle f\u00fcr Suchtprobleme<\/strong><br>Hauptstr. 60, 63897 <strong>Miltenberg<\/strong>, Tel.: 09371 978940, <br>E-Mail: <a href=\"mailto:psb@caritas-mil.de\">psb@caritas-mil.de<\/a><\/p>\n\n\n\n<p><strong>PsychosozialeBeratungsstelle f\u00fcr Suchtprobleme<\/strong><br>Martinushaus, Treibgasse 26, 63739 Aschaffenburg, <br>Tel.: 06021 392280, Web: <a href=\"http:\/\/www.suchtberatung-aschaffenburg.de\/\" target=\"_blank\" rel=\"noreferrer noopener\" aria-label=\" (\u00f6ffnet in neuem Tab)\">www.suchtberatung-aschaffenburg.de<\/a>  <\/p>\n\n\n\n<p><strong>PsychosozialeBeratungsstelle f\u00fcr Suchtprobleme<\/strong><br>Vorstadtstra\u00dfe 68, 97816 <strong>Lohr<\/strong> am Main, Tel.: 09352 843-121, <br>E-Mail: <a href=\"mailto:psb@caritas-msp.de\">psb@caritas-msp.de <\/a><\/p>\n\n\n\n<p><strong>pro familia Beratungsstelle<\/strong> Aschaffenburg<br>Frohsinnstra\u00dfe 10, 63739 <strong>Aschaffenburg<\/strong>, Tel.: 06021-7712263&nbsp;<br>E-Mail: <a href=\"mailto:aschaffenburg@profamilia.de\">aschaffenburg@profamilia.de<\/a>, Web: <a href=\"http:\/\/www.profamilia.de\/\" target=\"_blank\" rel=\"noreferrer noopener\" aria-label=\" (\u00f6ffnet in neuem Tab)\">www.profamilia.de<\/a> <\/p>\n\n\n\n<p>Eigener <strong>Kinder-<\/strong> bzw. <strong>Hausarzt<\/strong> als Erstansprechpartner f\u00fcr \u00dcberweisungen zu Fach\u00e4rzten und Fachkliniken<\/p>\n\n\n\n<h2 class=\"wp-block-heading\"><span class=\"ez-toc-section\" id=\"Bedrohliche_Kettenbriefe\"><\/span>Bedrohliche Kettenbriefe:<span class=\"ez-toc-section-end\"><\/span><\/h2>\n\n\n\n<p>Empfehlung vom LKA Niedersachsen<\/p>\n\n\n\n<ul class=\"wp-block-list\"><li>Sprechen Sie mit ihren Kindern Zuhause und in der Schule \u00fcber dieses Ph\u00e4nomen. <\/li><li>Lassen Sie die Nachricht l\u00f6schen und unterbinden Sie damit eine Weiterverbreitung.  <\/li><li>Das Kind sollte verstehen, dass ein Nichtverbreiten der Nachricht keine negativen Konsequenzen hat.  <\/li><li>Ein Hinweis in der Statusmeldung des Messengerdienstes, wie z.B. &#8222;Bitte keine Kettenbriefe!&#8220; kann zus\u00e4tzlich helfen. <\/li><li>Empf\u00e4nger von Kettenbriefen sollten mit den Versendern diesbez\u00fcglich reden und \u00fcber die Thematik aufkl\u00e4ren. Die Kinder sollten u.a. ihren Freunden erz\u00e4hlen, dass sie diese \u00fcblen Scherznachrichten nicht bekommen m\u00f6chten. <\/li><\/ul>\n\n\n\n<h2 class=\"wp-block-heading\"><span class=\"ez-toc-section\" id=\"Tracking-Uhren_und_Tracken_von_Smartphones\"><\/span>Tracking-Uhren und Tracken von Smartphones:<span class=\"ez-toc-section-end\"><\/span><\/h2>\n\n\n\n<p><strong>St\u00e4ndige\n\u00dcberwachung schafft unsichere Kinder!<\/strong><\/p>\n\n\n\n<ul class=\"wp-block-list\"><li><strong>im Stra\u00dfenverkehr <\/strong><\/li><li><strong>gegen\u00fcber Fremden<\/strong><\/li><li><strong>in schwierigen Situationen<\/strong><\/li><li><strong>bei Grenz\u00fcberschreitungen<\/strong><\/li><\/ul>\n\n\n\n<p>Bundesnetzagentur\nverbietet <strong>Kinderuhren\nmit Abh\u00f6rfunktion<\/strong><\/p>\n\n\n\n<ul class=\"wp-block-list\"><li><strong>\u201eunerlaubte Sendeanlagen\u201c<\/strong><\/li><li><strong>\u201everbotene Abh\u00f6rger\u00e4te\u201c<\/strong><\/li><li><strong>\u201eBesitz ist strafbar\u201c<\/strong><\/li><li>Telekommunikationsgesetz (TKG) \u00a7 90 Missbrauch<\/li><\/ul>\n\n\n\n<h2 class=\"wp-block-heading\"><span class=\"ez-toc-section\" id=\"Recht_am_eigenen_Bild\"><\/span>Recht am eigenen Bild<span class=\"ez-toc-section-end\"><\/span><\/h2>\n\n\n\n<p><strong>\u00a7\n22 KunstUrhG<\/strong>:\n\u201eBildnisse d\u00fcrfen nur mit Einwilligung des Abgebildeten verbreitet oder\n\u00f6ffentlich zur Schau gestellt werden\u2026\u201c (bei Minderj\u00e4hrigen m\u00fcssen Eltern\neinwilligen!)<\/p>\n\n\n\n<p><strong>Dies gilt auch f\u00fcr das Zeigen oder die\nWeitergabe per Handy, Smartphone etc.<\/strong><\/p>\n\n\n\n<p><strong>\u00a7 33 KunstUrhG: <\/strong>\u201e Mit Freiheitsstrafe bis zu einem Jahr oder mit Geldstrafe wird bestraft, wer entgegen den <br> \u00a7\u00a7 22, 23 KunstUrhG ein Bildnis verbreitet oder \u00f6ffentlich zur Schau stellt\u2026\u201c<\/p>\n\n\n\n<h2 class=\"wp-block-heading\"><span class=\"ez-toc-section\" id=\"Gesichtserkennung_und_Bilder-Rueckwaertssuche\"><\/span>Gesichtserkennung und Bilder-R\u00fcckw\u00e4rtssuche<span class=\"ez-toc-section-end\"><\/span><\/h2>\n\n\n\n<p>Bilder, Personen und Orte k\u00f6nnen im Netz auch durch das Hochladen von eigenen Fotos gefunden werden.  (=<strong><a href=\"https:\/\/www.google.de\/\">Bilder-R\u00fcckw\u00e4rtssuche <\/a><\/strong><a href=\"https:\/\/www.google.de\/\">vonGoogle<\/a>, Facebook &amp; Co.)<br><br>Verzichten Sie auf Portaitfotos in Webauftritten, Social-Media und Messengerdiensten, da Sie sonst immer ein virtuelles Namensschild tragen.<\/p>\n\n\n\n<h2 class=\"wp-block-heading\"><span class=\"ez-toc-section\" id=\"Straftaten_bei_unbefugten_Aufnahmen_und_bei_Weitergabe\"><\/span>Straftaten <strong>bei unbefugten Aufnahmen und bei Weitergabe <\/strong><span class=\"ez-toc-section-end\"><\/span><\/h2>\n\n\n\n<p>Straftat <strong>beim<\/strong> <strong>Fotografieren und  bei Weitergabe<\/strong> \u00a7 201a StGB: <\/p>\n\n\n\n<ul class=\"wp-block-list\"><li>Niemals ohne Zustimmung den <strong>h\u00f6chstpers\u00f6nlichen Lebensbereich<\/strong> verletzen (gegen Blicke gesch\u00fctzte R\u00e4ume, Wohnung, Umkleidekabine, Toilette, Sauna, Schlafzimmer, \u2026). <\/li><li>Keine <strong>zur Schau Stellung von Hilflosigkeit<\/strong> (z.B. <strong>Unfallopfer<\/strong><\/li><li>oder stark Betrunkene) <\/li><\/ul>\n\n\n\n<p>Straftat <strong>beim Aufnehmen und bei Weitergabe <\/strong>\u00a7 201 StGB: <\/p>\n\n\n\n<ul class=\"wp-block-list\"><li>Verletzung der <strong>Vertraulichkeit des <\/strong>nicht\u00f6ffentlich gesprochenen <strong>Wortes<\/strong>, <\/li><li> auch durch Videoaufnahmen. <\/li><\/ul>\n\n\n\n<h2 class=\"wp-block-heading\"><span class=\"ez-toc-section\" id=\"Cybergrooming\"><\/span>Cybergrooming<span class=\"ez-toc-section-end\"><\/span><\/h2>\n\n\n\n<p><strong>Anbahnung von sexuellem Missbrauch an Kindern (unter 14 Jahren) mittels Kommunikations-technologie (auch wenn der T\u00e4ter unter 18 Jahren ist). Z.B. um im Chat Kind zu sexuellen Handlungen zu bringen = Cybergrooming<br> <\/strong>\u00a7 176 (3)&nbsp;StGB Sexueller Missbrauch von Kindern <\/p>\n\n\n\n<p><strong>Achtung<\/strong>: Nutzung von Nachrichtenfunktionen\nin bei Kindern beliebten Handyspielen wie \u201eQuizduell\u201c oder \u201eClash of\nClans\u201c zur sexualisierten Kontaktaufnahme.<\/p>\n","protected":false},"excerpt":{"rendered":"<p>Die 15 goldenen Medienregen finden Sie hier&#8230; Online-Informationen \u2013 immer aktuell: www.internet-abc.de www.fragfinn.de www.klicksafe.de www.elternguide.online www.handysektor.de www.jugendschutz.net Pers\u00f6nliche Beratungsangebote: Online-Beratung f\u00fcr Kinder und Jugendlichewww.caritas.de\/hilfeundberatung\/onlineberatung\/kinderjugendelternfamilie\/ Anonyme Beratung und praktische Online-Tipps von Jugendlichen f\u00fcr Jugendliche www.juuuport.de Psychologische Beratungsstelle f\u00fcr Kinder, Jugendliche, Eltern Hauptstra\u00dfe 60, 63897 Miltenberg, Tel.: 09371 978920, Au\u00dfenstelle: Hofstetter Stra\u00dfe 1-3, 63820 ElsenfeldE-Mail: erziehungsberatung@caritas-mil.de Psychologische &hellip; <a href=\"https:\/\/www.medienwart.de\/?page_id=406\" class=\"more-link\"><span class=\"screen-reader-text\">Inhalte der Infoabende<\/span> weiterlesen<\/a><\/p>\n","protected":false},"author":1,"featured_media":0,"parent":0,"menu_order":0,"comment_status":"closed","ping_status":"closed","template":"","meta":{"footnotes":""},"class_list":["post-406","page","type-page","status-publish","hentry"],"_links":{"self":[{"href":"https:\/\/www.medienwart.de\/index.php?rest_route=\/wp\/v2\/pages\/406","targetHints":{"allow":["GET"]}}],"collection":[{"href":"https:\/\/www.medienwart.de\/index.php?rest_route=\/wp\/v2\/pages"}],"about":[{"href":"https:\/\/www.medienwart.de\/index.php?rest_route=\/wp\/v2\/types\/page"}],"author":[{"embeddable":true,"href":"https:\/\/www.medienwart.de\/index.php?rest_route=\/wp\/v2\/users\/1"}],"replies":[{"embeddable":true,"href":"https:\/\/www.medienwart.de\/index.php?rest_route=%2Fwp%2Fv2%2Fcomments&post=406"}],"version-history":[{"count":1,"href":"https:\/\/www.medienwart.de\/index.php?rest_route=\/wp\/v2\/pages\/406\/revisions"}],"predecessor-version":[{"id":407,"href":"https:\/\/www.medienwart.de\/index.php?rest_route=\/wp\/v2\/pages\/406\/revisions\/407"}],"wp:attachment":[{"href":"https:\/\/www.medienwart.de\/index.php?rest_route=%2Fwp%2Fv2%2Fmedia&parent=406"}],"curies":[{"name":"wp","href":"https:\/\/api.w.org\/{rel}","templated":true}]}}