{"id":426,"date":"2020-11-23T20:04:26","date_gmt":"2020-11-23T19:04:26","guid":{"rendered":"http:\/\/www.medienwart.de\/?page_id=426"},"modified":"2020-11-25T21:56:22","modified_gmt":"2020-11-25T20:56:22","slug":"dezember-abmahnungen","status":"publish","type":"page","link":"https:\/\/www.medienwart.de\/?page_id=426","title":{"rendered":"Dezember: Abmahnungen"},"content":{"rendered":"\n<h4 class=\"wp-block-heading\">Musik und Filme anbieten und herunterladen &#8211; Kostenrisiko auch schon f\u00fcr Kinder:<\/h4>\n\n\n\n<p class=\"has-bright-blue-background-color has-background\"><strong>Inhalt des Medienp\u00e4dagogischen Monatskalenders:<\/strong><\/p>\n\n\n\n<ul class=\"wp-block-list\"><li>Was im Laden Geld oder im Kino Eintritt kostet, kann im Internet und in Tauschb\u00f6rsen kaum legal kostenlos sein!<\/li><li>Die Produzenten lassen beispielsweise Nutzer von Film- oder Musik-Tauschb\u00f6rsen auf Schadenersatz verklagen!<\/li><li>Forderungen sind je 100- bis 1000facher Verkaufspreis!<\/li><li>Anschlussinhaber sind \u00fcber IP-Adressen zu ermitteln!<\/li><li>Urteile k\u00f6nnen 30 Jahre vollstreckt werden!<\/li><li>Kinder haften ggf. selbst ab 7 Jahren!<\/li><\/ul>\n\n\n\n<p class=\"has-bright-blue-background-color has-background\"><strong>Begleitender Kommentar und weitere Infos:<\/strong><\/p>\n\n\n\n<p>Abmahnungen mit Kosten zwischen mehreren hundert und mehreren tausend Euro finden in Deutschland j\u00e4hrlich hunderttausendfach statt. Jedes Datenpaket, das mein PC oder Handy versendet, kann \u00fcber die IP-Adresse\u00a0 zur\u00fcckverfolgt werden. Der Anschlussinhaber (SIM-Kartenbesitzer) haftet f\u00fcr die finanziellen Folgen.<\/p>\n\n\n\n<p><a href=\"https:\/\/www.handysektor.de\/artikel\/urheberrecht\" target=\"_blank\" rel=\"noreferrer noopener\">Weitere Infos gibt es auf der Themenseite Urheberrecht von Handysektor&#8230;<\/a> <\/p>\n","protected":false},"excerpt":{"rendered":"<p>Musik und Filme anbieten und herunterladen &#8211; Kostenrisiko auch schon f\u00fcr Kinder: Inhalt des Medienp\u00e4dagogischen Monatskalenders: Was im Laden Geld oder im Kino Eintritt kostet, kann im Internet und in Tauschb\u00f6rsen kaum legal kostenlos sein! Die Produzenten lassen beispielsweise Nutzer von Film- oder Musik-Tauschb\u00f6rsen auf Schadenersatz verklagen! Forderungen sind je 100- bis 1000facher Verkaufspreis! Anschlussinhaber &hellip; <a href=\"https:\/\/www.medienwart.de\/?page_id=426\" class=\"more-link\"><span class=\"screen-reader-text\">Dezember: Abmahnungen<\/span> weiterlesen<\/a><\/p>\n","protected":false},"author":1,"featured_media":0,"parent":0,"menu_order":0,"comment_status":"closed","ping_status":"closed","template":"","meta":{"footnotes":""},"class_list":["post-426","page","type-page","status-publish","hentry"],"_links":{"self":[{"href":"https:\/\/www.medienwart.de\/index.php?rest_route=\/wp\/v2\/pages\/426","targetHints":{"allow":["GET"]}}],"collection":[{"href":"https:\/\/www.medienwart.de\/index.php?rest_route=\/wp\/v2\/pages"}],"about":[{"href":"https:\/\/www.medienwart.de\/index.php?rest_route=\/wp\/v2\/types\/page"}],"author":[{"embeddable":true,"href":"https:\/\/www.medienwart.de\/index.php?rest_route=\/wp\/v2\/users\/1"}],"replies":[{"embeddable":true,"href":"https:\/\/www.medienwart.de\/index.php?rest_route=%2Fwp%2Fv2%2Fcomments&post=426"}],"version-history":[{"count":5,"href":"https:\/\/www.medienwart.de\/index.php?rest_route=\/wp\/v2\/pages\/426\/revisions"}],"predecessor-version":[{"id":505,"href":"https:\/\/www.medienwart.de\/index.php?rest_route=\/wp\/v2\/pages\/426\/revisions\/505"}],"wp:attachment":[{"href":"https:\/\/www.medienwart.de\/index.php?rest_route=%2Fwp%2Fv2%2Fmedia&parent=426"}],"curies":[{"name":"wp","href":"https:\/\/api.w.org\/{rel}","templated":true}]}}