{"id":432,"date":"2020-11-23T20:05:23","date_gmt":"2020-11-23T19:05:23","guid":{"rendered":"http:\/\/www.medienwart.de\/?page_id=432"},"modified":"2020-11-26T08:24:02","modified_gmt":"2020-11-26T07:24:02","slug":"maerz-datenschutz","status":"publish","type":"page","link":"https:\/\/www.medienwart.de\/?page_id=432","title":{"rendered":"M\u00e4rz: Datenschutz"},"content":{"rendered":"\n<h4 class=\"wp-block-heading\">Was passiert mit meinen Daten?<\/h4>\n\n\n\n<p class=\"has-bright-blue-background-color has-background\">Inhalt des Medienp\u00e4dagogischen Monatskalenders:<br><strong>Einmal weitergegeben \u2013 immer au\u00dfer Kontrolle!<\/strong><\/p>\n\n\n\n<p><strong>Daten bleiben immer im Netz. Teste es!<\/strong><\/p>\n\n\n\n<p>Das Internetarchiv \u201ewaybackmachine\u201c speichert wahllos vollst\u00e4ndige Internetseiten. Diese k\u00f6nnen auch nach vielen Jahren noch komplett abgerufen werden. Ausprobieren unter <a rel=\"noreferrer noopener\" href=\"http:\/\/www.archive.org\/web\" target=\"_blank\">www.archive.org\/web<\/a>.<\/p>\n\n\n\n<p class=\"has-bright-blue-background-color has-background\"><strong>Begleitender Kommentar und weitere Infos:<\/strong><\/p>\n\n\n\n<p>Internet-Archive speichern wahllos alles, was sie im Netz finden. Inhalte bleiben auch dann, wenn woanders gel\u00f6scht wird. Da sie im Ausland betrieben werden, gibt es kaum M\u00f6glichkeit, die L\u00f6schung durchuzsetzen!<\/p>\n\n\n\n<p class=\"has-bright-blue-background-color has-background\">Inhalt des Medienp\u00e4dagogischen Monatskalenders:<br><strong>Impulsfilme<\/strong><\/p>\n\n\n\n<p><strong>Empfehlenswert sind die beiden verlinkten Impulsfilme f\u00fcr die Grundschule bzw. Sekundarstufe<\/strong><\/p>\n\n\n\n<p>F\u00fcr die Grundschule empfehlenswerter Impulsfilm bei Klicksafe zum Thema \u201eDas Internet vergisst nichts\u201c: <a href=\"http:\/\/www.klicksafe.de\/spots\/weitere-spots\/norwegen-elternsprechtag-deutsch\" target=\"_blank\" rel=\"noreferrer noopener\">www.klicksafe.de\/spots\/weitere-spots\/norwegen-elternsprechtag-deutsch<\/a><\/p>\n\n\n\n<p>F\u00fcr die Sekundarstufe empfehlenswerter Impulsfilm bei Klicksafe zum Thema \u201eDas Internet vergisst nichts\u201c: <a href=\"http:\/\/www.netzdurchblick.de\/check-dein-profil-bevor-es-andere-tun.html\" target=\"_blank\" rel=\"noreferrer noopener\">www.netzdurchblick.de\/check-dein-profil-bevor-es-andere-tun.html<\/a><\/p>\n\n\n\n<p class=\"has-bright-blue-background-color has-background\"><strong>Begleitender Kommentar und weitere Infos:<\/strong><\/p>\n\n\n\n<p>Die Inhalte der Impulsfilme sprechen weitgehend f\u00fcr sich und sind anschaulich. Zur Vertiefung empfiehlt es sich, zu \u00fcberlegen, in welchen Situationen Datenspuren \u00fcber mein Leben im Internet noch hinderlich sein k\u00f6nnen &#8211; immer wenn Vertragspartner oder (ausl\u00e4ndische) Beh\u00f6rden ein Interesse haben, mehr \u00fcber mich zu wissen:<\/p>\n\n\n\n<ul class=\"wp-block-list\"><li>Haben meine Daten im Internet vielleicht Auswirkungen auf die Einreise in ein fremdes Land?<\/li><li>Haben meine Daten im Internet vielleicht Auswirkungen auf meine Kreditw\u00fcrdigkeit bei einer Bank?<\/li><li>Haben meine Daten im Internet vielleicht Auswirkungen auf den Abschluss einer privaten (Zusatz-)Krankenversicherung?<\/li><li>Haben meine Daten im Internet vielleicht Auswirkungen auf den Erfolg bei Lehrstellensuche und Ausbildung?<\/li><li>Welche Szenarien sind noch denkbar?<\/li><\/ul>\n\n\n\n<p class=\"has-bright-blue-background-color has-background\">Inhalt des Medienp\u00e4dagogischen Monatskalenders:<br><strong>Bilder-R\u00fcckw\u00e4rtssuche &#8211; Gesichtserkennung macht jeden \u00fcberall identifizierbar<\/strong><\/p>\n\n\n\n<p>Bilder, Personen und Orte im Netz k\u00f6nnen durch das Hochladen von Fotos gefunden werden: <strong><a rel=\"noreferrer noopener\" href=\"https:\/\/www.google.de\/imghp\" target=\"_blank\">Bilder-R\u00fcckw\u00e4rtssuche <\/a><\/strong><a href=\"https:\/\/www.google.de\/imghp\">von Google<\/a>, Facebook &amp; Co. Teste es&#8230;<\/p>\n\n\n\n<p>Alternativ kann auch die <strong>Bilder-R\u00fcckw\u00e4rtssuche bei <a href=\"https:\/\/tineye.com\/\" target=\"_blank\" rel=\"noreferrer noopener\">tineye.com<\/a><\/strong> getestet werden&#8230;<\/p>\n\n\n\n<p class=\"has-bright-blue-background-color has-background\"><strong>Begleitender Kommentar und weitere Infos:<\/strong><\/p>\n\n\n\n<p>Auch wenn die Bilderr\u00fcckw\u00e4rtssuche in positiver Absicht genutzt werden kann, beispielsweise um Herkunft und Zusammenhang von Fotos in hetzerischen Internet\u00e4u\u00dferungen zu pr\u00fcfen, zeigt sie, wie leicht man auch durch Fotos im Internet identifizierbar wird.<\/p>\n\n\n\n<p>Beispielsweise die Bilder-R\u00fcckw\u00e4rtssuche von Google wertet die Bilder nicht nur nach weiteren Speicherorten in Internet aus, sondern versucht auch, Personen oder Hintergrnde (Orte) zu identifizieren. Dies gelingt nicht immer, aber immer \u00f6fter. Social-Media-Plattformen wie Facebook oder Instagram sind besonders kompetent darin, automatisiert Personen wiederzuerkennen und durch die Kombination aus Profilbild und Profilnamen zu identifizieren &#8211; auch auf Bildern anderer Beitr\u00e4ge.<\/p>\n\n\n\n<p>Gegen die st\u00e4ndige Identifizierbarkeit, auch im nichtdigitalen Leben durch Bilderr\u00fcckw\u00e4rtssuche und Gesichtserkennung, hilft nur der Verzicht auf Portraitfotos als Profilbilder in Social-Media-Accounts oder Messengerdiensten wie Whatsapp.<\/p>\n\n\n\n<p><strong>Weitere Infos zur Bilderr\u00fcckw\u00e4rtssuche<\/strong>  sind beispielsweise zu finden <a rel=\"noreferrer noopener\" href=\"https:\/\/www.heise.de\/tipps-tricks\/Umgekehrte-Google-Bildersuche-so-geht-s-3918831.html\" target=\"_blank\">beim Heise-Verlag<\/a> oder <a rel=\"noreferrer noopener\" href=\"https:\/\/www.klicksafe.de\/service\/aktuelles\/news\/detail\/bild-manipulationen-im-internet-erkennen\/\" target=\"_blank\">bei klicksafe<\/a> (dort allerdings mit dem Schwerpunkt Bildmanipulation)&#8230;<\/p>\n","protected":false},"excerpt":{"rendered":"<p>Was passiert mit meinen Daten? Inhalt des Medienp\u00e4dagogischen Monatskalenders:Einmal weitergegeben \u2013 immer au\u00dfer Kontrolle! Daten bleiben immer im Netz. Teste es! Das Internetarchiv \u201ewaybackmachine\u201c speichert wahllos vollst\u00e4ndige Internetseiten. Diese k\u00f6nnen auch nach vielen Jahren noch komplett abgerufen werden. Ausprobieren unter www.archive.org\/web. Begleitender Kommentar und weitere Infos: Internet-Archive speichern wahllos alles, was sie im Netz finden. &hellip; <a href=\"https:\/\/www.medienwart.de\/?page_id=432\" class=\"more-link\"><span class=\"screen-reader-text\">M\u00e4rz: Datenschutz<\/span> weiterlesen<\/a><\/p>\n","protected":false},"author":1,"featured_media":0,"parent":0,"menu_order":0,"comment_status":"closed","ping_status":"closed","template":"","meta":{"footnotes":""},"class_list":["post-432","page","type-page","status-publish","hentry"],"_links":{"self":[{"href":"https:\/\/www.medienwart.de\/index.php?rest_route=\/wp\/v2\/pages\/432","targetHints":{"allow":["GET"]}}],"collection":[{"href":"https:\/\/www.medienwart.de\/index.php?rest_route=\/wp\/v2\/pages"}],"about":[{"href":"https:\/\/www.medienwart.de\/index.php?rest_route=\/wp\/v2\/types\/page"}],"author":[{"embeddable":true,"href":"https:\/\/www.medienwart.de\/index.php?rest_route=\/wp\/v2\/users\/1"}],"replies":[{"embeddable":true,"href":"https:\/\/www.medienwart.de\/index.php?rest_route=%2Fwp%2Fv2%2Fcomments&post=432"}],"version-history":[{"count":4,"href":"https:\/\/www.medienwart.de\/index.php?rest_route=\/wp\/v2\/pages\/432\/revisions"}],"predecessor-version":[{"id":515,"href":"https:\/\/www.medienwart.de\/index.php?rest_route=\/wp\/v2\/pages\/432\/revisions\/515"}],"wp:attachment":[{"href":"https:\/\/www.medienwart.de\/index.php?rest_route=%2Fwp%2Fv2%2Fmedia&parent=432"}],"curies":[{"name":"wp","href":"https:\/\/api.w.org\/{rel}","templated":true}]}}