{"id":434,"date":"2020-11-23T20:05:47","date_gmt":"2020-11-23T19:05:47","guid":{"rendered":"http:\/\/www.medienwart.de\/?page_id=434"},"modified":"2021-07-24T17:27:18","modified_gmt":"2021-07-24T15:27:18","slug":"april-ablenkung","status":"publish","type":"page","link":"https:\/\/www.medienwart.de\/?page_id=434","title":{"rendered":"April: Ablenkung"},"content":{"rendered":"\n<p class=\"has-bright-blue-background-color has-background\">Inhalt des Medienp\u00e4dagogischen Monatskalenders:<br><strong>Smartphone immer im Kopf?<\/strong><\/p>\n\n\n\n<p>Da das Nutzen von Smartphones mit all seinen medialen Verlockungen besunders freude bereiten kann, gew\u00f6hnt sich das Gehirn gerne daran. Das Smartphone beherrscht das Unterbewusstsein, egal, ob es angeschaltet ist, im Flugmodus oder abgeschaltet.<\/p>\n\n\n\n<p><strong>Daher sollten die folgenden Grundregeln beherzigt werden:<\/strong><\/p>\n\n\n\n<ul class=\"wp-block-list\"><li>Kein Smartphone auf dem Nachtk\u00e4stchen!<\/li><li>Zum Wecken kaufen wir einen Wecker!<\/li><li>Alle Smartphones der Familie versammeln sich nachts au\u00dferhalb der Schlafr\u00e4ume!<\/li><\/ul>\n\n\n\n<p class=\"has-bright-blue-background-color has-background\"><strong>Begleitender Kommentar und weitere Infos:<\/strong><\/p>\n\n\n\n<p>Wenn das Smartphone immer an ist, ist ein Teil der Gedanken auch immer dort. Selbst wenn man es nicht merkt. Abschalten macht den Kopf frei, lautloser Klingelton nicht. <\/p>\n\n\n\n<p>Daher beim Schlafen, Lernen und den Hausaufgaben ausschalten <strong>und weglegen<\/strong>.<\/p>\n\n\n\n<p><strong>Das Konsumieren ungeeigneter Inhalte, ung\u00fcnstige Kommunikation sowie der Versand ungeeigneter Fotos geschieht oft in der Nacht. Der Verstand ist m\u00fcde, die Emotion arbeitet. <\/strong>Auch aus diesem Grund sollte der Ratschlag &#8222;kein Smartphone im Schlaf-, Kinder- oder Jugendzimmer&#8220; unbedingt beherzigt werden.<\/p>\n\n\n\n<p class=\"has-bright-blue-background-color has-background\">Inhalt des Medienp\u00e4dagogischen Monatskalenders:<br><strong>Aktiviere den Blaufilter f\u00fcr besseren Schlaf!<\/strong><\/p>\n\n\n\n<p>Der Blaufilter von mobilen Endger\u00e4ten (Smartphone, Tablet) sorgt daf\u00fcr, dass die Lichtanteile des Displays gefiltert werden. Er sollte insbesondere in den Stunden vor der Nachtruhe aktiviert werden.<\/p>\n\n\n\n<p>Der Blaufilter sorgt daf\u00fcr, dass uns das Licht des Displays weniger wach macht und wir sp\u00e4ter besser schlafen k\u00f6nnen.<\/p>\n\n\n\n<p class=\"has-bright-blue-background-color has-background\">Inhalt des Medienp\u00e4dagogischen Monatskalenders:<br><strong>Keine Computerspiele nach Lernen und Hausaufgabe!<\/strong><\/p>\n\n\n\n<p>Computerspiele sind meist mit <strong>Emotionen<\/strong>, Konzentration und besonderen <strong>Erfolgserlebnissen<\/strong> verbunden.<\/p>\n\n\n\n<p>Wer nach dem Lernen an PC, Smartphone oder Tablet zockt, <strong>verdr\u00e4ngt<\/strong> die gelernten oder ge\u00fcbten Inhalte besonders erfolgreich!<\/p>\n\n\n\n<p>Du solltest das Gelernte <strong>nicht<\/strong> durch Zocken in den Hintergrund dr\u00e4ngen!<\/p>\n\n\n\n<p class=\"has-bright-blue-background-color has-background\">Inhalt des Medienp\u00e4dagogischen Monatskalenders:<br><strong>Kettenbriefe &#8211; Gruselige oder krasse Inhalte und Hetze per WhatsApp<\/strong> <strong>und andere Messenger<\/strong><\/p>\n\n\n\n<p><strong>Manchmal schicken Klassenkameraden oder Bekannte L\u00fcgengeschichten weiter, weil sie es witzig finden:<\/strong> <\/p>\n\n\n\n<ul class=\"wp-block-list\"><li>Etwas schlimmes soll dir passieren! <\/li><li>Alle Kinder oder deine Familie ist in Gefahr! <\/li><li>Horrormonster oder M\u00f6rder bedrohen dich! <\/li><li>Jemand hat Zugriff auf ein Handy\/Tablet!<\/li><\/ul>\n\n\n\n<p><strong>Schicke solche Nachrichten niemals weiter! Zeige sie deinen Eltern! Die Nachrichten sind gelogen und sollen Angst machen!<\/strong><\/p>\n\n\n\n<ul class=\"wp-block-list\"><li>Lass dich nicht einsch\u00fcchtern und schicke es keinesfalls weiter! <\/li><li>Sei dir im klaren, dass jedes Bild, jeder Film und jede Tonaufnahme gef\u00e4lscht sein kann! <\/li><li>Sage dem, der die Nachrichten verschickt, dass du das nicht willst und mit deinen Eltern besprichst!<\/li><\/ul>\n\n\n\n<p class=\"has-bright-blue-background-color has-background\">Inhalt des Medienp\u00e4dagogischen Monatskalenders:<br><strong>Neid und Co. durch \u00fcbertriebene Selbstinszenierung!<\/strong><\/p>\n\n\n\n<p>Wer viel Zeit mit Instagram oder \u00e4hnlichen Plattformen verbringt, wird schneller unzufrieden und neidisch. Die Hochglanzwelt optimierter Bilder zeigt nicht die Realit\u00e4t des echten Lebens. Jeder erlebt auch weniger gutes \u2013 was aber beispielsweise auf Instagram kaum dargestellt wird.<\/p>\n","protected":false},"excerpt":{"rendered":"<p>Inhalt des Medienp\u00e4dagogischen Monatskalenders:Smartphone immer im Kopf? Da das Nutzen von Smartphones mit all seinen medialen Verlockungen besunders freude bereiten kann, gew\u00f6hnt sich das Gehirn gerne daran. Das Smartphone beherrscht das Unterbewusstsein, egal, ob es angeschaltet ist, im Flugmodus oder abgeschaltet. Daher sollten die folgenden Grundregeln beherzigt werden: Kein Smartphone auf dem Nachtk\u00e4stchen! Zum Wecken &hellip; <a href=\"https:\/\/www.medienwart.de\/?page_id=434\" class=\"more-link\"><span class=\"screen-reader-text\">April: Ablenkung<\/span> weiterlesen<\/a><\/p>\n","protected":false},"author":1,"featured_media":0,"parent":0,"menu_order":0,"comment_status":"closed","ping_status":"closed","template":"","meta":{"footnotes":""},"class_list":["post-434","page","type-page","status-publish","hentry"],"_links":{"self":[{"href":"https:\/\/www.medienwart.de\/index.php?rest_route=\/wp\/v2\/pages\/434","targetHints":{"allow":["GET"]}}],"collection":[{"href":"https:\/\/www.medienwart.de\/index.php?rest_route=\/wp\/v2\/pages"}],"about":[{"href":"https:\/\/www.medienwart.de\/index.php?rest_route=\/wp\/v2\/types\/page"}],"author":[{"embeddable":true,"href":"https:\/\/www.medienwart.de\/index.php?rest_route=\/wp\/v2\/users\/1"}],"replies":[{"embeddable":true,"href":"https:\/\/www.medienwart.de\/index.php?rest_route=%2Fwp%2Fv2%2Fcomments&post=434"}],"version-history":[{"count":4,"href":"https:\/\/www.medienwart.de\/index.php?rest_route=\/wp\/v2\/pages\/434\/revisions"}],"predecessor-version":[{"id":595,"href":"https:\/\/www.medienwart.de\/index.php?rest_route=\/wp\/v2\/pages\/434\/revisions\/595"}],"wp:attachment":[{"href":"https:\/\/www.medienwart.de\/index.php?rest_route=%2Fwp%2Fv2%2Fmedia&parent=434"}],"curies":[{"name":"wp","href":"https:\/\/api.w.org\/{rel}","templated":true}]}}