{"id":436,"date":"2020-11-23T20:06:05","date_gmt":"2020-11-23T19:06:05","guid":{"rendered":"http:\/\/www.medienwart.de\/?page_id=436"},"modified":"2020-11-26T23:53:06","modified_gmt":"2020-11-26T22:53:06","slug":"mai-hilfe-im-netz","status":"publish","type":"page","link":"https:\/\/www.medienwart.de\/?page_id=436","title":{"rendered":"Mai: Hilfe im Netz"},"content":{"rendered":"\n<h4 class=\"wp-block-heading\">Infos und Hilfe findest du bei diesen Anbietern!<\/h4>\n\n\n\n<p class=\"has-bright-blue-background-color has-background\"><strong>Inhalt des Medienp\u00e4dagogischen Monatskalenders:<\/strong><\/p>\n\n\n\n<p>Online-Informationen \u2013 immer aktuell. <strong>Probiere die Portale aus!<\/strong><\/p>\n\n\n\n<p><a rel=\"noreferrer noopener\" href=\"https:\/\/www.internet-abc.de\/\" target=\"_blank\">www.internet-abc.de<\/a><br>Das umfassende Inforportal mit spielerischem Lernen f\u00fcr Kinder im <strong>Grundschulalter<\/strong>. Auch Eltern und Lehrkr\u00e4fte von j\u00fcngeren Kindern werden mit vielen Informationen unterst\u00fctzt.<\/p>\n\n\n\n<p><a rel=\"noreferrer noopener\" href=\"https:\/\/www.nummergegenkummer.de\/\" target=\"_blank\">www.nummergegenkummer.de<\/a><br>Die Nummer<strong><em>gegen<\/em><\/strong>Kummer ist mit dem &#8222;<strong>Kinder- und Jugendtelefon<\/strong>&#8220; sowie dem &#8222;<strong>Elterntelefon<\/strong>&#8220; eine seri\u00f6se und ideale Anlaufstelle bei Sorgen und N\u00f6ten.<\/p>\n\n\n\n<p><a rel=\"noreferrer noopener\" href=\"http:\/\/www.klicksafe.de\" target=\"_blank\">www.klicksafe.de<\/a><br>Der umfassende Klassiker mit umfangreichen <strong>Materialien f\u00fcr Kinder, Jugendliche, Eltern, P\u00e4dagogen und Experten<\/strong>. <\/p>\n\n\n\n<p><a rel=\"noreferrer noopener\" href=\"http:\/\/www.handysektor.de\" target=\"_blank\">www.handysektor.de<\/a><br>Wertvolle Tipps und Informationen zur Nutzung mobiler Ger\u00e4te. Gute Erg\u00e4nzung zu klicksafe. Insbesondere <strong>viele gelungene Erkl\u00e4rfilme<\/strong> decken zahlreiche Themen ab.<\/p>\n\n\n\n<p><a rel=\"noreferrer noopener\" href=\"https:\/\/www.juuuport.de\/beratung\" target=\"_blank\">www.juuport.de<\/a><br>Hilfe bei Cybermobbing, WhatsApp-Stress &amp; Co. &#8211; <strong>Online-Beratung von jungen Leuten\u00a0f\u00fcr junge Leute<\/strong><\/p>\n","protected":false},"excerpt":{"rendered":"<p>Infos und Hilfe findest du bei diesen Anbietern! Inhalt des Medienp\u00e4dagogischen Monatskalenders: Online-Informationen \u2013 immer aktuell. Probiere die Portale aus! www.internet-abc.deDas umfassende Inforportal mit spielerischem Lernen f\u00fcr Kinder im Grundschulalter. Auch Eltern und Lehrkr\u00e4fte von j\u00fcngeren Kindern werden mit vielen Informationen unterst\u00fctzt. www.nummergegenkummer.deDie NummergegenKummer ist mit dem &#8222;Kinder- und Jugendtelefon&#8220; sowie dem &#8222;Elterntelefon&#8220; eine seri\u00f6se &hellip; <a href=\"https:\/\/www.medienwart.de\/?page_id=436\" class=\"more-link\"><span class=\"screen-reader-text\">Mai: Hilfe im Netz<\/span> weiterlesen<\/a><\/p>\n","protected":false},"author":1,"featured_media":0,"parent":0,"menu_order":0,"comment_status":"closed","ping_status":"closed","template":"","meta":{"footnotes":""},"class_list":["post-436","page","type-page","status-publish","hentry"],"_links":{"self":[{"href":"https:\/\/www.medienwart.de\/index.php?rest_route=\/wp\/v2\/pages\/436","targetHints":{"allow":["GET"]}}],"collection":[{"href":"https:\/\/www.medienwart.de\/index.php?rest_route=\/wp\/v2\/pages"}],"about":[{"href":"https:\/\/www.medienwart.de\/index.php?rest_route=\/wp\/v2\/types\/page"}],"author":[{"embeddable":true,"href":"https:\/\/www.medienwart.de\/index.php?rest_route=\/wp\/v2\/users\/1"}],"replies":[{"embeddable":true,"href":"https:\/\/www.medienwart.de\/index.php?rest_route=%2Fwp%2Fv2%2Fcomments&post=436"}],"version-history":[{"count":5,"href":"https:\/\/www.medienwart.de\/index.php?rest_route=\/wp\/v2\/pages\/436\/revisions"}],"predecessor-version":[{"id":528,"href":"https:\/\/www.medienwart.de\/index.php?rest_route=\/wp\/v2\/pages\/436\/revisions\/528"}],"wp:attachment":[{"href":"https:\/\/www.medienwart.de\/index.php?rest_route=%2Fwp%2Fv2%2Fmedia&parent=436"}],"curies":[{"name":"wp","href":"https:\/\/api.w.org\/{rel}","templated":true}]}}