{"id":445,"date":"2020-11-23T20:09:13","date_gmt":"2020-11-23T19:09:13","guid":{"rendered":"http:\/\/www.medienwart.de\/?page_id=445"},"modified":"2020-11-27T00:37:03","modified_gmt":"2020-11-26T23:37:03","slug":"juli-ms-sexualisierte-inhalte","status":"publish","type":"page","link":"https:\/\/www.medienwart.de\/?page_id=445","title":{"rendered":"Juli Sekundarstufe: sexualisierte Inhalte"},"content":{"rendered":"\n<h4 class=\"wp-block-heading\">Problematiken von Kinder- und Jugendpornographie und &#8222;normaler&#8220; Pornographie:<\/h4>\n\n\n\n<p class=\"has-bright-blue-background-color has-background\">Inhalt des Medienp\u00e4dagogischen Monatskalenders:<br><strong>Kinderpornographie ungewollt auf dem Smartphone per WhatsApp-Gruppe?<\/strong><\/p>\n\n\n\n<p><strong>Sexting oder das Nachstellen sexualisierter Promifotos durch Minderj\u00e4hrige ist oft Kinderpornographie oder Jugendpornographie.<\/strong><br><strong>Auch wenn du es gar nicht willst.<\/strong> \u00a7 184 b\/c StGB verbietet selbst den Besitz<\/p>\n\n\n\n<p><strong>Besitz von Kinder- und Jugendpornographie, unbefugte Weitergabe von Bildaufnahmen:<\/strong><\/p>\n\n\n\n<p><strong>Straftat<\/strong> nach \u00a7 184b\/c StGB:&nbsp;Verbreitung, Erwerb und Besitz kinder- oder jugendpornographischer Schriften (<strong>auch bei Fotos ohne sexuelle Handlung oder nur teilweise unbekleidet <\/strong>z.B. \u201eunnat\u00fcrlich geschlechtsbetonte K\u00f6rperhaltung\u201c oder sexuell aufreizende Abbildung von unbekleideten Genitalien\/Ges\u00e4\u00df).<\/p>\n\n\n\n<p><strong>Straftat<\/strong> \u00a7 201a StGB: Verletzung des h\u00f6chstpers\u00f6nlichen Lebensbereichs durch Bildaufnahmen \u2013 auch \u201e<strong>bei unbefugter Weitergabe von befugten Bildaufnahmen<\/strong>\u201c, <strong>die dem Ansehen schaden <\/strong>oder bei der Weitergabe von Nacktbildern von Minderj\u00e4hrigen gegen Geld oder bei zur Schau Stellung von Hilflosigkeit.<\/p>\n\n\n\n<p class=\"has-bright-blue-background-color has-background\"><strong>Begleitender Kommentar und weitere Infos:<\/strong><\/p>\n\n\n\n<p>Durch den unbeschr\u00e4nkten Zugang zu sexuslisierten und pornographischen Inhalten sch\u00e4tzen viele Kinder und Jugendliche das Nachstellen entsprechender Bilder falsch ein. Bei Minderj\u00e4hrigen beginnt der Straftatbestsnd kinder- oder jugendpornografischer Inhalte nicht erst bei sexuellen oder Mi\u00dfbrauchshandlungen, sondern <strong>schon bei Fotos ohne sexuelle Handlung oder nur teilweise unbekleidet <\/strong>z.B. in \u201eunnat\u00fcrlich geschlechtsbetonte K\u00f6rperhaltung\u201c oder sexuell aufreizender Abbildung von unbekleideten Genitalien\/Ges\u00e4\u00df. Gerade bei 12- und 13-J\u00e4hrigen besteht eine v\u00f6llige Fehleinsch\u00e4tzung, da sich Kinder in diesem Alter selbst schon als Jugendliche sehen.<\/p>\n\n\n\n<p class=\"has-bright-blue-background-color has-background\">Inhalt des Medienp\u00e4dagogischen Monatskalenders:<br><strong>Pornographie &#8211; Weitergabe an Kinder und Jugendliche verboten!<\/strong><\/p>\n\n\n\n<p><strong>Weitergabe oder Zeigen an Jugendliche ist eine Straftat, auch unter Jugendlichen. <\/strong>\u00a7 184&nbsp;StGB: Verbreitung pornographischer Schriften.<\/p>\n\n\n\n<p><strong>Weitergabe oder Zeigen an Kinder (unter 14 Jahren) gilt vor dem Gesetz als sexueller Missbrauch, auch wenn der T\u00e4ter unter 18 ist. <\/strong>\u00a7 176&nbsp;StGB Sexueller Missbrauch von Kindern.<\/p>\n\n\n\n<p class=\"has-bright-blue-background-color has-background\"><strong>Begleitender Kommentar und weitere Infos:<\/strong><\/p>\n\n\n\n<p>Pornographie &#8211; Inhalte sind <strong>gestellt<\/strong> und <strong>manipulieren<\/strong> den Zuschauer:<\/p>\n\n\n\n<ul class=\"wp-block-list\"><li>Pornographie im Internet ist zumeist auf \u00fcbertriebene Darstellung&nbsp; zugespitzt. Sie setzt junge Menschen einem ungesunden Leistungsdruck aus. <\/li><li>H\u00f6chstleistungen von \u201eHelden\u201c in Filmen sind immer manipuliert und vom normalen Menschen nicht zu vollbringen. Auch Star Wars sieht realistisch aus, ist aber erfundene Fiktion! <\/li><li>Das in Pornographie vorgestellte Rollenmodell entspricht nicht dem Ziel von Gleichberechtigung unserer Gesellschaft. <\/li><li>Pornographie beinhaltet oft Handlungen, die durch Macht oder gar Gewalt angebahnt werden. Dies hat mit echter Partnerschaft nichts zu tun und ist abzulehnen. <\/li><li>Pornographie darf nicht Begr\u00fcndung sein, ob und welche sexuellen Handlungen tats\u00e4chlich vorgenommen werden.<\/li><\/ul>\n\n\n\n<p><strong>Sprechen Sie mit Ihrem Kind \u00fcber die genannten Problematiken. Auch wenn Sie es nicht wahrhaben wollen, das Smartphone in der Hand Ihres Kindes erm\u00f6glicht und induziert entsprechende Medienerfahrungen!<\/strong><\/p>\n\n\n\n<p>Weitergehende Inhalte von <strong>Klicksafe <\/strong>finden Sie unter den Links zu <a rel=\"noreferrer noopener\" href=\"https:\/\/www.klicksafe.de\/themen\/problematische-inhalte\/sexting\/\" target=\"_blank\"><strong>Sexting <\/strong><\/a>und <a rel=\"noreferrer noopener\" href=\"https:\/\/www.klicksafe.de\/themen\/problematische-inhalte\/pornografienutzung\/\" target=\"_blank\"><strong>Pornographienutzung<\/strong><\/a>&#8230;<\/p>\n\n\n\n<p>Auch <strong>Handysektor <\/strong>hat entsprechende Aufkl\u00e4rungsinhalte zu <a href=\"https:\/\/www.handysektor.de\/pornografie\/\" target=\"_blank\" rel=\"noreferrer noopener\"><strong>Pornograpie <\/strong><\/a>im Angebot&#8230;<\/p>\n","protected":false},"excerpt":{"rendered":"<p>Problematiken von Kinder- und Jugendpornographie und &#8222;normaler&#8220; Pornographie: Inhalt des Medienp\u00e4dagogischen Monatskalenders:Kinderpornographie ungewollt auf dem Smartphone per WhatsApp-Gruppe? Sexting oder das Nachstellen sexualisierter Promifotos durch Minderj\u00e4hrige ist oft Kinderpornographie oder Jugendpornographie.Auch wenn du es gar nicht willst. \u00a7 184 b\/c StGB verbietet selbst den Besitz Besitz von Kinder- und Jugendpornographie, unbefugte Weitergabe von Bildaufnahmen: Straftat &hellip; <a href=\"https:\/\/www.medienwart.de\/?page_id=445\" class=\"more-link\"><span class=\"screen-reader-text\">Juli Sekundarstufe: sexualisierte Inhalte<\/span> weiterlesen<\/a><\/p>\n","protected":false},"author":1,"featured_media":0,"parent":0,"menu_order":0,"comment_status":"closed","ping_status":"closed","template":"","meta":{"footnotes":""},"class_list":["post-445","page","type-page","status-publish","hentry"],"_links":{"self":[{"href":"https:\/\/www.medienwart.de\/index.php?rest_route=\/wp\/v2\/pages\/445","targetHints":{"allow":["GET"]}}],"collection":[{"href":"https:\/\/www.medienwart.de\/index.php?rest_route=\/wp\/v2\/pages"}],"about":[{"href":"https:\/\/www.medienwart.de\/index.php?rest_route=\/wp\/v2\/types\/page"}],"author":[{"embeddable":true,"href":"https:\/\/www.medienwart.de\/index.php?rest_route=\/wp\/v2\/users\/1"}],"replies":[{"embeddable":true,"href":"https:\/\/www.medienwart.de\/index.php?rest_route=%2Fwp%2Fv2%2Fcomments&post=445"}],"version-history":[{"count":5,"href":"https:\/\/www.medienwart.de\/index.php?rest_route=\/wp\/v2\/pages\/445\/revisions"}],"predecessor-version":[{"id":536,"href":"https:\/\/www.medienwart.de\/index.php?rest_route=\/wp\/v2\/pages\/445\/revisions\/536"}],"wp:attachment":[{"href":"https:\/\/www.medienwart.de\/index.php?rest_route=%2Fwp%2Fv2%2Fmedia&parent=445"}],"curies":[{"name":"wp","href":"https:\/\/api.w.org\/{rel}","templated":true}]}}