{"id":493,"date":"2020-11-24T23:01:06","date_gmt":"2020-11-24T22:01:06","guid":{"rendered":"http:\/\/www.medienwart.de\/?page_id=493"},"modified":"2020-11-27T00:10:11","modified_gmt":"2020-11-26T23:10:11","slug":"zusammenfassung-fuer-jugendliche","status":"publish","type":"page","link":"https:\/\/www.medienwart.de\/?page_id=493","title":{"rendered":"Zusammenfassung f\u00fcr Jugendliche"},"content":{"rendered":"\n<h4 class=\"has-bright-blue-background-color has-background wp-block-heading\">Du hast den Durchblick &#8211; <strong>L\u00f6sche<\/strong> illegale Inhalte von deinem Smartphone:<\/h4>\n\n\n\n<ul class=\"wp-block-list\"><li>heimliche Aufnahmen <\/li><li>Fotos von Unfallopfern <\/li><li>Pornographie <\/li><li>Kinderpornographie <\/li><li>Gewaltvideos <\/li><li>Hass-Inhalte <\/li><li>Verharmlosung von Naziverbrechen <\/li><li>Symbole verfassungsfeindlicher Organisationen wie Hakenkreuze und IS-Fahnen<\/li><\/ul>\n\n\n\n<p class=\"has-bright-blue-background-color has-background\"><strong>Begleitender Kommentar und weitere Infos:<\/strong><\/p>\n\n\n\n<p>Achtung, Tatmittel k\u00f6nnen f\u00fcr immer eingezogen werden &#8211; auch ein Einbrecher bekommt seine Tatwerkzeuge nach Verb\u00fc\u00dfung der Strafe nicht zur\u00fcck!<\/p>\n\n\n\n<p>Quelle: <em>\u00a7 201a (5) StGB: Die Bildtr\u00e4ger sowie Bildaufnahmeger\u00e4te oder andere technische Mittel, die der T\u00e4ter oder Teilnehmer verwendet hat, k\u00f6nnen eingezogen werden.<\/em><\/p>\n\n\n\n<p><\/p>\n","protected":false},"excerpt":{"rendered":"<p>Du hast den Durchblick &#8211; L\u00f6sche illegale Inhalte von deinem Smartphone: heimliche Aufnahmen Fotos von Unfallopfern Pornographie Kinderpornographie Gewaltvideos Hass-Inhalte Verharmlosung von Naziverbrechen Symbole verfassungsfeindlicher Organisationen wie Hakenkreuze und IS-Fahnen Begleitender Kommentar und weitere Infos: Achtung, Tatmittel k\u00f6nnen f\u00fcr immer eingezogen werden &#8211; auch ein Einbrecher bekommt seine Tatwerkzeuge nach Verb\u00fc\u00dfung der Strafe nicht zur\u00fcck! &hellip; <a href=\"https:\/\/www.medienwart.de\/?page_id=493\" class=\"more-link\"><span class=\"screen-reader-text\">Zusammenfassung f\u00fcr Jugendliche<\/span> weiterlesen<\/a><\/p>\n","protected":false},"author":1,"featured_media":0,"parent":0,"menu_order":0,"comment_status":"closed","ping_status":"closed","template":"","meta":{"footnotes":""},"class_list":["post-493","page","type-page","status-publish","hentry"],"_links":{"self":[{"href":"https:\/\/www.medienwart.de\/index.php?rest_route=\/wp\/v2\/pages\/493","targetHints":{"allow":["GET"]}}],"collection":[{"href":"https:\/\/www.medienwart.de\/index.php?rest_route=\/wp\/v2\/pages"}],"about":[{"href":"https:\/\/www.medienwart.de\/index.php?rest_route=\/wp\/v2\/types\/page"}],"author":[{"embeddable":true,"href":"https:\/\/www.medienwart.de\/index.php?rest_route=\/wp\/v2\/users\/1"}],"replies":[{"embeddable":true,"href":"https:\/\/www.medienwart.de\/index.php?rest_route=%2Fwp%2Fv2%2Fcomments&post=493"}],"version-history":[{"count":2,"href":"https:\/\/www.medienwart.de\/index.php?rest_route=\/wp\/v2\/pages\/493\/revisions"}],"predecessor-version":[{"id":533,"href":"https:\/\/www.medienwart.de\/index.php?rest_route=\/wp\/v2\/pages\/493\/revisions\/533"}],"wp:attachment":[{"href":"https:\/\/www.medienwart.de\/index.php?rest_route=%2Fwp%2Fv2%2Fmedia&parent=493"}],"curies":[{"name":"wp","href":"https:\/\/api.w.org\/{rel}","templated":true}]}}