{"id":592,"date":"2021-07-24T17:16:03","date_gmt":"2021-07-24T15:16:03","guid":{"rendered":"https:\/\/www.medienwart.de\/?page_id=592"},"modified":"2022-03-06T23:36:02","modified_gmt":"2022-03-06T22:36:02","slug":"abschaltkompetenz-und-mediensucht","status":"publish","type":"page","link":"https:\/\/www.medienwart.de\/?page_id=592","title":{"rendered":"Abschaltkompetenz und Mediensucht"},"content":{"rendered":"\n<p>\u00dcberm\u00e4\u00dfige Mediennutzung im Kindesalter zeigt sich oft durch k\u00f6rperliche Symptome wie M\u00fcdigkeit, Kopfweh, Unruhe oder Ausgehungertsein. Hier helfen klare Regeln und Alternativen wie k\u00f6rperliche Bet\u00e4tigung, famili\u00e4re Unternehmungen, Vereinsaktivit\u00e4ten sowie medienfreie Essens- und Schlafenszeiten.<\/p>\n\n\n\n<p>Selbst verwaltete Medienkontingente helfen bei der Entwicklung von Abschaltkompetenz.<\/p>\n\n\n\n<p class=\"has-bright-blue-background-color has-background\">Im Jugendalter sind die Infoseiten von <a rel=\"noreferrer noopener\" href=\"http:\/\/www.juuuport.de\" data-type=\"URL\" data-id=\"www.juuuport.de\" target=\"_blank\">Juuuport<\/a> eine gute M\u00f6glichkeit, sich zu informieren und bei Bedarf selbst mit jugendlichen Scouts anonym und online in Kontakt zu treten.<\/p>\n\n\n\n<p class=\"has-bright-blue-background-color has-background\">Auch das Internetangebot <a rel=\"noreferrer noopener\" href=\"https:\/\/www.ins-netz-gehen.de\/\" data-type=\"URL\" data-id=\"https:\/\/www.ins-netz-gehen.de\/\" target=\"_blank\">www.ins-netz-gehen.de<\/a> der BZgA bietet viele Tipps zur gesunden Mediennutzung sowie den &#8222;Selbsttest zur Videospielsucht und exzessiver Internetnutzung&#8220;. <\/p>\n\n\n\n<p><strong>Unkontrollierbarer Medienkonsum kann ungesund sein. Problematisches Verhalten wird aber nicht alleine durch die Dauer der Nutzung sichtbar!<br>Wichtige langfristige Kriterien sind auch:<\/strong><\/p>\n\n\n\n<ul class=\"wp-block-list\"><li>Vernachl\u00e4ssigung von Schule, Freundschaften und sich selbst,<\/li><li>gedankliche Vereinnahmung,<\/li><li>Verdr\u00e4ngen von negativen Gef\u00fchlen durch Medien,<\/li><li>gro\u00dfes Verlangen und Entzugserscheinungen,<\/li><li>gesundheitliche Probleme,<\/li><li>Unverm\u00f6gen, trotz Einsicht die Mediennutzung zu reduzieren\u2026<\/li><\/ul>\n\n\n\n<p class=\"has-bright-blue-background-color has-background\">Sollten mehrere der Symptome zutreffen, such dir Hilfe! <\/p>\n","protected":false},"excerpt":{"rendered":"<p>\u00dcberm\u00e4\u00dfige Mediennutzung im Kindesalter zeigt sich oft durch k\u00f6rperliche Symptome wie M\u00fcdigkeit, Kopfweh, Unruhe oder Ausgehungertsein. Hier helfen klare Regeln und Alternativen wie k\u00f6rperliche Bet\u00e4tigung, famili\u00e4re Unternehmungen, Vereinsaktivit\u00e4ten sowie medienfreie Essens- und Schlafenszeiten. Selbst verwaltete Medienkontingente helfen bei der Entwicklung von Abschaltkompetenz. Im Jugendalter sind die Infoseiten von Juuuport eine gute M\u00f6glichkeit, sich zu informieren &hellip; <a href=\"https:\/\/www.medienwart.de\/?page_id=592\" class=\"more-link\"><span class=\"screen-reader-text\">Abschaltkompetenz und Mediensucht<\/span> weiterlesen<\/a><\/p>\n","protected":false},"author":1,"featured_media":0,"parent":0,"menu_order":0,"comment_status":"closed","ping_status":"closed","template":"","meta":{"footnotes":""},"class_list":["post-592","page","type-page","status-publish","hentry"],"_links":{"self":[{"href":"https:\/\/www.medienwart.de\/index.php?rest_route=\/wp\/v2\/pages\/592","targetHints":{"allow":["GET"]}}],"collection":[{"href":"https:\/\/www.medienwart.de\/index.php?rest_route=\/wp\/v2\/pages"}],"about":[{"href":"https:\/\/www.medienwart.de\/index.php?rest_route=\/wp\/v2\/types\/page"}],"author":[{"embeddable":true,"href":"https:\/\/www.medienwart.de\/index.php?rest_route=\/wp\/v2\/users\/1"}],"replies":[{"embeddable":true,"href":"https:\/\/www.medienwart.de\/index.php?rest_route=%2Fwp%2Fv2%2Fcomments&post=592"}],"version-history":[{"count":2,"href":"https:\/\/www.medienwart.de\/index.php?rest_route=\/wp\/v2\/pages\/592\/revisions"}],"predecessor-version":[{"id":669,"href":"https:\/\/www.medienwart.de\/index.php?rest_route=\/wp\/v2\/pages\/592\/revisions\/669"}],"wp:attachment":[{"href":"https:\/\/www.medienwart.de\/index.php?rest_route=%2Fwp%2Fv2%2Fmedia&parent=592"}],"curies":[{"name":"wp","href":"https:\/\/api.w.org\/{rel}","templated":true}]}}